{"id":369,"date":"2024-09-16T21:53:52","date_gmt":"2024-09-16T21:53:52","guid":{"rendered":"https:\/\/trustupconsulting.com\/?page_id=369"},"modified":"2024-10-08T17:06:37","modified_gmt":"2024-10-08T17:06:37","slug":"gestion-de-ventas","status":"publish","type":"page","link":"https:\/\/trustupconsulting.com\/index.php\/gestion-de-ventas\/","title":{"rendered":"Gesti\u00f3n de Ventas"},"content":{"rendered":"\n<div class=\"wp-block-group has-background is-layout-flow wp-block-group-is-layout-flow\" style=\"background-color:#144672\">\n<div style=\"height:var(--wp--preset--spacing--30)\" aria-hidden=\"true\" class=\"wp-block-spacer\"><\/div>\n\n\n\n<h1 class=\"wp-block-heading alignwide has-accent-5-color has-text-color has-link-color has-body-font-family has-large-font-size wp-elements-29b61294c112bea4fe7ea590339d8f84\" style=\"padding-right:var(--wp--preset--spacing--20);padding-left:var(--wp--preset--spacing--20);line-height:1.2\">Conversemos sobre&#8230;<\/h1>\n\n\n\n<div class=\"wp-block-group is-vertical is-content-justification-right is-layout-flex wp-container-core-group-is-layout-c0d519fa wp-block-group-is-layout-flex\">\n<figure class=\"wp-block-image size-full\"><img fetchpriority=\"high\" decoding=\"async\" width=\"1366\" height=\"384\" src=\"https:\/\/trustupconsulting.com\/wp-content\/uploads\/2024\/10\/Header-Gestion-Ventas.png\" alt=\"\" class=\"wp-image-448\" srcset=\"https:\/\/trustupconsulting.com\/wp-content\/uploads\/2024\/10\/Header-Gestion-Ventas.png 1366w, https:\/\/trustupconsulting.com\/wp-content\/uploads\/2024\/10\/Header-Gestion-Ventas-300x84.png 300w, https:\/\/trustupconsulting.com\/wp-content\/uploads\/2024\/10\/Header-Gestion-Ventas-1024x288.png 1024w, https:\/\/trustupconsulting.com\/wp-content\/uploads\/2024\/10\/Header-Gestion-Ventas-768x216.png 768w\" sizes=\"(max-width: 1366px) 100vw, 1366px\" \/><\/figure>\n<\/div>\n\n\n\n<div class=\"wp-block-group has-background is-content-justification-center is-nowrap is-layout-flex wp-container-core-group-is-layout-23441af8 wp-block-group-is-layout-flex\" style=\"background:linear-gradient(180deg,rgb(20,70,114) 0%,rgb(20,70,114) 28%,rgb(233,228,228) 100%);min-height:80px\"><\/div>\n<\/div>\n\n\n\n<div class=\"wp-block-group has-background is-layout-flow wp-block-group-is-layout-flow\" style=\"background-color:#e9e4e4\">\n<div class=\"wp-block-columns are-vertically-aligned-top is-not-stacked-on-mobile is-layout-flex wp-container-core-columns-is-layout-f75df745 wp-block-columns-is-layout-flex\" style=\"margin-top:var(--wp--preset--spacing--10);margin-bottom:var(--wp--preset--spacing--10);padding-top:var(--wp--preset--spacing--10);padding-right:var(--wp--preset--spacing--30);padding-bottom:var(--wp--preset--spacing--10);padding-left:var(--wp--preset--spacing--30)\">\n<div class=\"wp-block-column is-vertically-aligned-top is-layout-flow wp-block-column-is-layout-flow\" style=\"flex-basis:2%\">\n<figure class=\"wp-block-image aligncenter size-full\"><img decoding=\"async\" width=\"220\" height=\"218\" src=\"https:\/\/trustupconsulting.com\/wp-content\/uploads\/2024\/09\/Bullet.png\" alt=\"\" class=\"wp-image-159\" srcset=\"https:\/\/trustupconsulting.com\/wp-content\/uploads\/2024\/09\/Bullet.png 220w, https:\/\/trustupconsulting.com\/wp-content\/uploads\/2024\/09\/Bullet-150x150.png 150w\" sizes=\"(max-width: 220px) 100vw, 220px\" \/><\/figure>\n<\/div>\n\n\n\n<div class=\"wp-block-column is-vertically-aligned-top is-layout-flow wp-block-column-is-layout-flow\" style=\"flex-basis:98%\">\n<p style=\"padding-top:0;padding-bottom:0;font-size:clamp(15.747px, 0.984rem + ((1vw - 3.2px) * 0.86), 24px);\">\u00bfConoces las necesidades de todos los clientes de tu empresa?<\/p>\n<\/div>\n<\/div>\n\n\n\n<div class=\"wp-block-columns are-vertically-aligned-top is-not-stacked-on-mobile is-layout-flex wp-container-core-columns-is-layout-f75df745 wp-block-columns-is-layout-flex\" style=\"margin-top:var(--wp--preset--spacing--10);margin-bottom:var(--wp--preset--spacing--10);padding-top:var(--wp--preset--spacing--10);padding-right:var(--wp--preset--spacing--30);padding-bottom:var(--wp--preset--spacing--10);padding-left:var(--wp--preset--spacing--30)\">\n<div class=\"wp-block-column is-vertically-aligned-top is-layout-flow wp-block-column-is-layout-flow\" style=\"flex-basis:2%\">\n<figure class=\"wp-block-image aligncenter size-full\"><img decoding=\"async\" width=\"220\" height=\"218\" src=\"https:\/\/trustupconsulting.com\/wp-content\/uploads\/2024\/09\/Bullet.png\" alt=\"\" class=\"wp-image-159\" srcset=\"https:\/\/trustupconsulting.com\/wp-content\/uploads\/2024\/09\/Bullet.png 220w, https:\/\/trustupconsulting.com\/wp-content\/uploads\/2024\/09\/Bullet-150x150.png 150w\" sizes=\"(max-width: 220px) 100vw, 220px\" \/><\/figure>\n<\/div>\n\n\n\n<div class=\"wp-block-column is-vertically-aligned-top is-layout-flow wp-block-column-is-layout-flow\" style=\"flex-basis:98%\">\n<p style=\"padding-top:0;padding-bottom:0;font-size:clamp(15.747px, 0.984rem + ((1vw - 3.2px) * 0.86), 24px);\">\u00bfLos clientes de tu empresa reportan estar completamente satisfechos con los productos y\/o servicios recibidos?<\/p>\n<\/div>\n<\/div>\n\n\n\n<div class=\"wp-block-columns are-vertically-aligned-top is-not-stacked-on-mobile is-layout-flex wp-container-core-columns-is-layout-f75df745 wp-block-columns-is-layout-flex\" style=\"margin-top:var(--wp--preset--spacing--10);margin-bottom:var(--wp--preset--spacing--10);padding-top:var(--wp--preset--spacing--10);padding-right:var(--wp--preset--spacing--30);padding-bottom:var(--wp--preset--spacing--10);padding-left:var(--wp--preset--spacing--30)\">\n<div class=\"wp-block-column is-vertically-aligned-top is-layout-flow wp-block-column-is-layout-flow\" style=\"flex-basis:2%\">\n<figure class=\"wp-block-image aligncenter size-full\"><img decoding=\"async\" width=\"220\" height=\"218\" src=\"https:\/\/trustupconsulting.com\/wp-content\/uploads\/2024\/09\/Bullet.png\" alt=\"\" class=\"wp-image-159\" srcset=\"https:\/\/trustupconsulting.com\/wp-content\/uploads\/2024\/09\/Bullet.png 220w, https:\/\/trustupconsulting.com\/wp-content\/uploads\/2024\/09\/Bullet-150x150.png 150w\" sizes=\"(max-width: 220px) 100vw, 220px\" \/><\/figure>\n<\/div>\n\n\n\n<div class=\"wp-block-column is-vertically-aligned-top is-layout-flow wp-block-column-is-layout-flow\" style=\"flex-basis:98%\">\n<p style=\"padding-top:0;padding-bottom:0;font-size:clamp(15.747px, 0.984rem + ((1vw - 3.2px) * 0.86), 24px);\">\u00bfLos \u00edndices de retenci\u00f3n de clientes han sido superiores al 95% en los \u00faltimos dos a\u00f1os?<\/p>\n<\/div>\n<\/div>\n\n\n\n<div class=\"wp-block-columns are-vertically-aligned-top is-not-stacked-on-mobile is-layout-flex wp-container-core-columns-is-layout-f75df745 wp-block-columns-is-layout-flex\" style=\"margin-top:var(--wp--preset--spacing--10);margin-bottom:var(--wp--preset--spacing--10);padding-top:var(--wp--preset--spacing--10);padding-right:var(--wp--preset--spacing--30);padding-bottom:var(--wp--preset--spacing--10);padding-left:var(--wp--preset--spacing--30)\">\n<div class=\"wp-block-column is-vertically-aligned-top is-layout-flow wp-block-column-is-layout-flow\" style=\"flex-basis:2%\">\n<figure class=\"wp-block-image aligncenter size-full\"><img decoding=\"async\" width=\"220\" height=\"218\" src=\"https:\/\/trustupconsulting.com\/wp-content\/uploads\/2024\/09\/Bullet.png\" alt=\"\" class=\"wp-image-159\" srcset=\"https:\/\/trustupconsulting.com\/wp-content\/uploads\/2024\/09\/Bullet.png 220w, https:\/\/trustupconsulting.com\/wp-content\/uploads\/2024\/09\/Bullet-150x150.png 150w\" sizes=\"(max-width: 220px) 100vw, 220px\" \/><\/figure>\n<\/div>\n\n\n\n<div class=\"wp-block-column is-vertically-aligned-top is-layout-flow wp-block-column-is-layout-flow\" style=\"flex-basis:98%\">\n<p style=\"padding-top:0;padding-bottom:0;font-size:clamp(15.747px, 0.984rem + ((1vw - 3.2px) * 0.86), 24px);\">\u00bfLos clientes y potenciales clientes de tu empresa conocen todos tus productos y servicios?<\/p>\n<\/div>\n<\/div>\n\n\n\n<div class=\"wp-block-columns are-vertically-aligned-top is-not-stacked-on-mobile is-layout-flex wp-container-core-columns-is-layout-f75df745 wp-block-columns-is-layout-flex\" style=\"margin-top:var(--wp--preset--spacing--10);margin-bottom:var(--wp--preset--spacing--10);padding-top:var(--wp--preset--spacing--10);padding-right:var(--wp--preset--spacing--30);padding-bottom:var(--wp--preset--spacing--10);padding-left:var(--wp--preset--spacing--30)\">\n<div class=\"wp-block-column is-vertically-aligned-top is-layout-flow wp-block-column-is-layout-flow\" style=\"flex-basis:2%\">\n<figure class=\"wp-block-image aligncenter size-full\"><img decoding=\"async\" width=\"220\" height=\"218\" src=\"https:\/\/trustupconsulting.com\/wp-content\/uploads\/2024\/09\/Bullet.png\" alt=\"\" class=\"wp-image-159\" srcset=\"https:\/\/trustupconsulting.com\/wp-content\/uploads\/2024\/09\/Bullet.png 220w, https:\/\/trustupconsulting.com\/wp-content\/uploads\/2024\/09\/Bullet-150x150.png 150w\" sizes=\"(max-width: 220px) 100vw, 220px\" \/><\/figure>\n<\/div>\n\n\n\n<div class=\"wp-block-column is-vertically-aligned-top is-layout-flow wp-block-column-is-layout-flow\" style=\"flex-basis:98%\">\n<p style=\"padding-top:0;padding-bottom:0;font-size:clamp(15.747px, 0.984rem + ((1vw - 3.2px) * 0.86), 24px);\">\u00bfLos clientes de tu empresa conocen los canales de informaci\u00f3n que les entrega tu empresa?<\/p>\n<\/div>\n<\/div>\n\n\n\n<div class=\"wp-block-group has-background is-content-justification-center is-nowrap is-layout-flex wp-container-core-group-is-layout-23441af8 wp-block-group-is-layout-flex\" style=\"background:linear-gradient(180deg,rgb(233,228,228) 0%,rgb(255,255,255) 100%);min-height:80px\"><\/div>\n<\/div>\n\n\n\n<div class=\"wp-block-group is-layout-flow wp-block-group-is-layout-flow\">\n<div class=\"wp-block-columns are-vertically-aligned-top is-not-stacked-on-mobile is-layout-flex wp-container-core-columns-is-layout-aa1829d7 wp-block-columns-is-layout-flex\" style=\"margin-top:var(--wp--preset--spacing--10);margin-bottom:var(--wp--preset--spacing--10);padding-right:var(--wp--preset--spacing--30);padding-left:var(--wp--preset--spacing--30)\">\n<div class=\"wp-block-column is-vertically-aligned-top is-layout-flow wp-block-column-is-layout-flow\" style=\"flex-basis:2%\">\n<figure class=\"wp-block-image aligncenter size-full\"><img decoding=\"async\" width=\"251\" height=\"249\" src=\"https:\/\/trustupconsulting.com\/wp-content\/uploads\/2024\/09\/Bullet_2.png\" alt=\"\" class=\"wp-image-169\" srcset=\"https:\/\/trustupconsulting.com\/wp-content\/uploads\/2024\/09\/Bullet_2.png 251w, https:\/\/trustupconsulting.com\/wp-content\/uploads\/2024\/09\/Bullet_2-150x150.png 150w\" sizes=\"(max-width: 251px) 100vw, 251px\" \/><\/figure>\n<\/div>\n\n\n\n<div class=\"wp-block-column is-vertically-aligned-top is-layout-flow wp-block-column-is-layout-flow\" style=\"flex-basis:98%\">\n<p style=\"padding-top:0;padding-right:0;padding-bottom:0;padding-left:0;font-size:clamp(15.747px, 0.984rem + ((1vw - 3.2px) * 0.86), 24px);\">Si tu respuesta es &#8220;No&#8221; para 3 o m\u00e1s de las preguntas anteriores, necesitas enfocar la gestion de ventas y revisar los procesos de atenci\u00f3n a clientes de tu empresa.<\/p>\n<\/div>\n<\/div>\n\n\n\n<div class=\"wp-block-columns are-vertically-aligned-top is-not-stacked-on-mobile is-layout-flex wp-container-core-columns-is-layout-aa1829d7 wp-block-columns-is-layout-flex\" style=\"margin-top:var(--wp--preset--spacing--10);margin-bottom:var(--wp--preset--spacing--10);padding-right:var(--wp--preset--spacing--30);padding-left:var(--wp--preset--spacing--30)\">\n<div class=\"wp-block-column is-vertically-aligned-top is-layout-flow wp-block-column-is-layout-flow\" style=\"flex-basis:2%\">\n<figure class=\"wp-block-image aligncenter size-full\"><img decoding=\"async\" width=\"251\" height=\"249\" src=\"https:\/\/trustupconsulting.com\/wp-content\/uploads\/2024\/09\/Bullet_2.png\" alt=\"\" class=\"wp-image-169\" srcset=\"https:\/\/trustupconsulting.com\/wp-content\/uploads\/2024\/09\/Bullet_2.png 251w, https:\/\/trustupconsulting.com\/wp-content\/uploads\/2024\/09\/Bullet_2-150x150.png 150w\" sizes=\"(max-width: 251px) 100vw, 251px\" \/><\/figure>\n<\/div>\n\n\n\n<div class=\"wp-block-column is-vertically-aligned-top is-layout-flow wp-block-column-is-layout-flow\" style=\"flex-basis:98%\">\n<p style=\"padding-top:0;padding-bottom:0;font-size:clamp(14px, 0.875rem + ((1vw - 3.2px) * 0.625), 20px);\">En un entorno cada vez m\u00e1s din\u00e1mico, donde la rapidez en la toma de decisiones es clave, es fundamental conocer a fondo la composici\u00f3n de nuestro equipo de ventas, sus fortalezas y \u00e1reas de mejora. Solo as\u00ed podremos brindar el apoyo necesario para alcanzar jornadas exitosas y ofrecer un excelente servicio al cliente. La mejora continua y el prop\u00f3sito son pilares esenciales, sin perder de vista las metas y objetivos a corto y mediano plazo.<\/p>\n<\/div>\n<\/div>\n\n\n\n<div class=\"wp-block-columns are-vertically-aligned-top is-not-stacked-on-mobile is-layout-flex wp-container-core-columns-is-layout-aa1829d7 wp-block-columns-is-layout-flex\" style=\"margin-top:var(--wp--preset--spacing--10);margin-bottom:var(--wp--preset--spacing--10);padding-right:var(--wp--preset--spacing--30);padding-left:var(--wp--preset--spacing--30)\">\n<div class=\"wp-block-column is-vertically-aligned-top is-layout-flow wp-block-column-is-layout-flow\" style=\"flex-basis:2%\">\n<figure class=\"wp-block-image aligncenter size-full\"><img decoding=\"async\" width=\"251\" height=\"249\" src=\"https:\/\/trustupconsulting.com\/wp-content\/uploads\/2024\/09\/Bullet_2.png\" alt=\"\" class=\"wp-image-169\" srcset=\"https:\/\/trustupconsulting.com\/wp-content\/uploads\/2024\/09\/Bullet_2.png 251w, https:\/\/trustupconsulting.com\/wp-content\/uploads\/2024\/09\/Bullet_2-150x150.png 150w\" sizes=\"(max-width: 251px) 100vw, 251px\" \/><\/figure>\n<\/div>\n\n\n\n<div class=\"wp-block-column is-vertically-aligned-top is-layout-flow wp-block-column-is-layout-flow\" style=\"flex-basis:98%\">\n<p style=\"padding-top:0;padding-bottom:0;font-size:clamp(14px, 0.875rem + ((1vw - 3.2px) * 0.625), 20px);\">Para mejorar las ventas y gesti\u00f3n de clientes es crucial alinearlos con una estrategia clara que tenga como prioridad tanto el crecimiento sostenible como la satisfacci\u00f3n del cliente. No se trata solo de alcanzar metas y objetivos num\u00e9ricos, sino de construir relaciones a largo plazo basadas en la confianza y el valor agregado. Cada objetivo debe impulsar mejoras en la experiencia del cliente.<\/p>\n<\/div>\n<\/div>\n\n\n\n<div class=\"wp-block-columns are-vertically-aligned-top is-not-stacked-on-mobile is-layout-flex wp-container-core-columns-is-layout-aa1829d7 wp-block-columns-is-layout-flex\" style=\"margin-top:var(--wp--preset--spacing--10);margin-bottom:var(--wp--preset--spacing--10);padding-right:var(--wp--preset--spacing--30);padding-left:var(--wp--preset--spacing--30)\">\n<div class=\"wp-block-column is-vertically-aligned-top is-layout-flow wp-block-column-is-layout-flow\" style=\"padding-right:0;padding-left:0;flex-basis:2%\">\n<figure class=\"wp-block-image aligncenter size-full\"><img decoding=\"async\" width=\"251\" height=\"249\" src=\"https:\/\/trustupconsulting.com\/wp-content\/uploads\/2024\/09\/Bullet_2.png\" alt=\"\" class=\"wp-image-169\" srcset=\"https:\/\/trustupconsulting.com\/wp-content\/uploads\/2024\/09\/Bullet_2.png 251w, https:\/\/trustupconsulting.com\/wp-content\/uploads\/2024\/09\/Bullet_2-150x150.png 150w\" sizes=\"(max-width: 251px) 100vw, 251px\" \/><\/figure>\n<\/div>\n\n\n\n<div class=\"wp-block-column is-vertically-aligned-top is-layout-flow wp-block-column-is-layout-flow\" style=\"flex-basis:98%\">\n<p style=\"padding-top:0;padding-bottom:0;font-size:clamp(15.747px, 0.984rem + ((1vw - 3.2px) * 0.86), 24px);font-style:normal;font-weight:800\">Tomemos un caf\u00e9 para conversar sobre c\u00f3mo podemos ayudar a tu empresa en su gesti\u00f3n de ventas y atenci\u00f3n a clientes. D\u00e9janos tus datos&nbsp;<a href=\"https:\/\/trustupconsulting.com\/index.php\/formulario-de-contacto\/\" data-type=\"page\" data-id=\"376\"><strong><mark style=\"background-color:rgba(0, 0, 0, 0)\" class=\"has-inline-color has-custom-color-1-color\">aqu\u00ed<\/mark><\/strong><\/a>&nbsp;y te contactaremos.<\/p>\n<\/div>\n<\/div>\n<\/div>\n\n\n\n<div style=\"height:var(--wp--preset--spacing--40)\" aria-hidden=\"true\" class=\"wp-block-spacer\"><\/div>\n\n\n\n<div class=\"wp-block-group has-background is-layout-flow wp-block-group-is-layout-flow\" style=\"background-color:#e6dcd1\">\n<p class=\"has-accent-5-background-color has-background has-x-large-font-size\" style=\"padding-top:0;padding-right:var(--wp--preset--spacing--20);padding-bottom:0;padding-left:var(--wp--preset--spacing--20);font-style:normal;font-weight:500\">Objetivos<\/p>\n\n\n\n<div class=\"wp-block-columns is-not-stacked-on-mobile is-layout-flex wp-container-core-columns-is-layout-b7a2cee4 wp-block-columns-is-layout-flex\" style=\"margin-top:var(--wp--preset--spacing--10);margin-bottom:var(--wp--preset--spacing--10);padding-top:0;padding-right:var(--wp--preset--spacing--30);padding-bottom:0;padding-left:var(--wp--preset--spacing--30)\">\n<div class=\"wp-block-column is-vertically-aligned-top is-layout-flow wp-block-column-is-layout-flow\" style=\"flex-basis:2%\">\n<figure class=\"wp-block-image aligncenter size-full\"><img loading=\"lazy\" decoding=\"async\" width=\"231\" height=\"231\" src=\"https:\/\/trustupconsulting.com\/wp-content\/uploads\/2024\/09\/Bullet_3.png\" alt=\"\" class=\"wp-image-225\" srcset=\"https:\/\/trustupconsulting.com\/wp-content\/uploads\/2024\/09\/Bullet_3.png 231w, https:\/\/trustupconsulting.com\/wp-content\/uploads\/2024\/09\/Bullet_3-150x150.png 150w\" sizes=\"(max-width: 231px) 100vw, 231px\" \/><\/figure>\n<\/div>\n\n\n\n<div class=\"wp-block-column is-vertically-aligned-top is-layout-flow wp-block-column-is-layout-flow\" style=\"flex-basis:98%\">\n<p style=\"padding-top:0;padding-bottom:0;font-size:clamp(15.747px, 0.984rem + ((1vw - 3.2px) * 0.86), 24px);\">Evaluar el nivel de trabajo en equipo y\/o la calidad del liderazgo de tu empresa.<\/p>\n<\/div>\n<\/div>\n\n\n\n<div class=\"wp-block-columns is-not-stacked-on-mobile is-layout-flex wp-container-core-columns-is-layout-6af4de7f wp-block-columns-is-layout-flex\" style=\"margin-top:0;margin-bottom:0;padding-top:0;padding-right:var(--wp--preset--spacing--30);padding-bottom:0;padding-left:var(--wp--preset--spacing--30)\">\n<div class=\"wp-block-column is-vertically-aligned-top is-layout-flow wp-block-column-is-layout-flow\" style=\"flex-basis:2%\">\n<figure class=\"wp-block-image aligncenter size-full\"><img loading=\"lazy\" decoding=\"async\" width=\"231\" height=\"231\" src=\"https:\/\/trustupconsulting.com\/wp-content\/uploads\/2024\/09\/Bullet_3.png\" alt=\"\" class=\"wp-image-225\" srcset=\"https:\/\/trustupconsulting.com\/wp-content\/uploads\/2024\/09\/Bullet_3.png 231w, https:\/\/trustupconsulting.com\/wp-content\/uploads\/2024\/09\/Bullet_3-150x150.png 150w\" sizes=\"(max-width: 231px) 100vw, 231px\" \/><\/figure>\n<\/div>\n\n\n\n<div class=\"wp-block-column is-vertically-aligned-top is-layout-flow wp-block-column-is-layout-flow\" style=\"flex-basis:98%\">\n<p style=\"padding-top:0;padding-bottom:0;font-size:clamp(15.747px, 0.984rem + ((1vw - 3.2px) * 0.86), 24px);\">Encontrar los puntos a mejorar y proponer caminos a seguir.<\/p>\n<\/div>\n<\/div>\n\n\n\n<div class=\"wp-block-columns is-not-stacked-on-mobile is-layout-flex wp-container-core-columns-is-layout-b7a2cee4 wp-block-columns-is-layout-flex\" style=\"margin-top:var(--wp--preset--spacing--10);margin-bottom:var(--wp--preset--spacing--10);padding-top:0;padding-right:var(--wp--preset--spacing--30);padding-bottom:0;padding-left:var(--wp--preset--spacing--30)\">\n<div class=\"wp-block-column is-vertically-aligned-top is-layout-flow wp-block-column-is-layout-flow\" style=\"flex-basis:2%\">\n<figure class=\"wp-block-image aligncenter size-full\"><img loading=\"lazy\" decoding=\"async\" width=\"231\" height=\"231\" src=\"https:\/\/trustupconsulting.com\/wp-content\/uploads\/2024\/09\/Bullet_3.png\" alt=\"\" class=\"wp-image-225\" srcset=\"https:\/\/trustupconsulting.com\/wp-content\/uploads\/2024\/09\/Bullet_3.png 231w, https:\/\/trustupconsulting.com\/wp-content\/uploads\/2024\/09\/Bullet_3-150x150.png 150w\" sizes=\"(max-width: 231px) 100vw, 231px\" \/><\/figure>\n<\/div>\n\n\n\n<div class=\"wp-block-column is-vertically-aligned-top is-layout-flow wp-block-column-is-layout-flow\" style=\"flex-basis:98%\">\n<p style=\"padding-top:0;padding-bottom:0;font-size:clamp(15.747px, 0.984rem + ((1vw - 3.2px) * 0.86), 24px);\">Colaborar en generar un plan estrat\u00e9gico que le permita a tu organizaci\u00f3n enfrentar los desaf\u00edos presentes y futuros con un liderazgo potente y un equipo bien afiatado.<\/p>\n<\/div>\n<\/div>\n\n\n\n<div class=\"wp-block-columns is-not-stacked-on-mobile is-layout-flex wp-container-core-columns-is-layout-b7a2cee4 wp-block-columns-is-layout-flex\" style=\"margin-top:var(--wp--preset--spacing--10);margin-bottom:var(--wp--preset--spacing--10);padding-top:0;padding-right:var(--wp--preset--spacing--30);padding-bottom:0;padding-left:var(--wp--preset--spacing--30)\">\n<div class=\"wp-block-column is-vertically-aligned-top is-layout-flow wp-block-column-is-layout-flow\" style=\"flex-basis:2%\">\n<figure class=\"wp-block-image aligncenter size-full\"><img loading=\"lazy\" decoding=\"async\" width=\"231\" height=\"231\" src=\"https:\/\/trustupconsulting.com\/wp-content\/uploads\/2024\/09\/Bullet_3.png\" alt=\"\" class=\"wp-image-225\" srcset=\"https:\/\/trustupconsulting.com\/wp-content\/uploads\/2024\/09\/Bullet_3.png 231w, https:\/\/trustupconsulting.com\/wp-content\/uploads\/2024\/09\/Bullet_3-150x150.png 150w\" sizes=\"(max-width: 231px) 100vw, 231px\" \/><\/figure>\n<\/div>\n\n\n\n<div class=\"wp-block-column is-vertically-aligned-top is-layout-flow wp-block-column-is-layout-flow\" style=\"flex-basis:98%\">\n<p style=\"padding-top:0;padding-bottom:0;font-size:clamp(15.747px, 0.984rem + ((1vw - 3.2px) * 0.86), 24px);font-style:normal;font-weight:800\">Hacer visible que los ahorros que generar\u00e1 una mejora en la gesti\u00f3n de ventas y atenci\u00f3n a clientes cubrir\u00e1n con creces el costo de nuestra asesor\u00eda.<\/p>\n<\/div>\n<\/div>\n<\/div>\n\n\n\n<div style=\"height:var(--wp--preset--spacing--10)\" aria-hidden=\"true\" class=\"wp-block-spacer\"><\/div>\n","protected":false},"excerpt":{"rendered":"<p>Conversemos sobre&#8230; \u00bfConoces las necesidades de todos los clientes de tu empresa? \u00bfLos clientes de tu empresa reportan estar completamente satisfechos con los productos y\/o servicios recibidos? \u00bfLos \u00edndices de retenci\u00f3n de clientes han sido superiores al 95% en los \u00faltimos dos a\u00f1os? \u00bfLos clientes y potenciales clientes de tu empresa conocen todos tus productos [&hellip;]<\/p>\n","protected":false},"author":1,"featured_media":0,"parent":0,"menu_order":0,"comment_status":"closed","ping_status":"closed","template":"wp-custom-template-p-ginas-interiores","meta":{"footnotes":""},"class_list":["post-369","page","type-page","status-publish","hentry"],"_links":{"self":[{"href":"https:\/\/trustupconsulting.com\/index.php\/wp-json\/wp\/v2\/pages\/369","targetHints":{"allow":["GET"]}}],"collection":[{"href":"https:\/\/trustupconsulting.com\/index.php\/wp-json\/wp\/v2\/pages"}],"about":[{"href":"https:\/\/trustupconsulting.com\/index.php\/wp-json\/wp\/v2\/types\/page"}],"author":[{"embeddable":true,"href":"https:\/\/trustupconsulting.com\/index.php\/wp-json\/wp\/v2\/users\/1"}],"replies":[{"embeddable":true,"href":"https:\/\/trustupconsulting.com\/index.php\/wp-json\/wp\/v2\/comments?post=369"}],"version-history":[{"count":7,"href":"https:\/\/trustupconsulting.com\/index.php\/wp-json\/wp\/v2\/pages\/369\/revisions"}],"predecessor-version":[{"id":460,"href":"https:\/\/trustupconsulting.com\/index.php\/wp-json\/wp\/v2\/pages\/369\/revisions\/460"}],"wp:attachment":[{"href":"https:\/\/trustupconsulting.com\/index.php\/wp-json\/wp\/v2\/media?parent=369"}],"curies":[{"name":"wp","href":"https:\/\/api.w.org\/{rel}","templated":true}]}}