{"id":553,"date":"2024-10-17T15:47:30","date_gmt":"2024-10-17T15:47:30","guid":{"rendered":"https:\/\/trustupconsulting.com\/?page_id=553"},"modified":"2024-10-22T18:18:10","modified_gmt":"2024-10-22T18:18:10","slug":"nuevos-negocios","status":"publish","type":"page","link":"https:\/\/trustupconsulting.com\/index.php\/nuevos-negocios\/","title":{"rendered":"Nuevos Negocios"},"content":{"rendered":"\n<div class=\"wp-block-group has-background is-layout-flow wp-block-group-is-layout-flow\" style=\"background-color:#144672\">\n<div style=\"height:var(--wp--preset--spacing--30)\" aria-hidden=\"true\" class=\"wp-block-spacer\"><\/div>\n\n\n\n<h1 class=\"wp-block-heading alignwide has-accent-5-color has-text-color has-link-color has-body-font-family has-large-font-size wp-elements-29b61294c112bea4fe7ea590339d8f84\" style=\"padding-right:var(--wp--preset--spacing--20);padding-left:var(--wp--preset--spacing--20);line-height:1.2\">Conversemos sobre&#8230;<\/h1>\n\n\n\n<div class=\"wp-block-group is-vertical is-content-justification-right is-layout-flex wp-container-core-group-is-layout-c0d519fa wp-block-group-is-layout-flex\">\n<figure class=\"wp-block-image size-full\"><img fetchpriority=\"high\" decoding=\"async\" width=\"1366\" height=\"384\" src=\"https:\/\/trustupconsulting.com\/wp-content\/uploads\/2024\/10\/Header-Nuevos-Negocios.png\" alt=\"\" class=\"wp-image-559\" srcset=\"https:\/\/trustupconsulting.com\/wp-content\/uploads\/2024\/10\/Header-Nuevos-Negocios.png 1366w, https:\/\/trustupconsulting.com\/wp-content\/uploads\/2024\/10\/Header-Nuevos-Negocios-300x84.png 300w, https:\/\/trustupconsulting.com\/wp-content\/uploads\/2024\/10\/Header-Nuevos-Negocios-1024x288.png 1024w, https:\/\/trustupconsulting.com\/wp-content\/uploads\/2024\/10\/Header-Nuevos-Negocios-768x216.png 768w\" sizes=\"(max-width: 1366px) 100vw, 1366px\" \/><\/figure>\n<\/div>\n\n\n\n<div class=\"wp-block-group has-background is-content-justification-center is-nowrap is-layout-flex wp-container-core-group-is-layout-23441af8 wp-block-group-is-layout-flex\" style=\"background:linear-gradient(180deg,rgb(20,70,114) 0%,rgb(20,70,114) 28%,rgb(233,228,228) 100%);min-height:80px\"><\/div>\n<\/div>\n\n\n\n<div class=\"wp-block-group has-background is-layout-flow wp-block-group-is-layout-flow\" style=\"background-color:#e9e4e4\">\n<div class=\"wp-block-columns are-vertically-aligned-top is-not-stacked-on-mobile is-layout-flex wp-container-core-columns-is-layout-f75df745 wp-block-columns-is-layout-flex\" style=\"margin-top:var(--wp--preset--spacing--10);margin-bottom:var(--wp--preset--spacing--10);padding-top:var(--wp--preset--spacing--10);padding-right:var(--wp--preset--spacing--30);padding-bottom:var(--wp--preset--spacing--10);padding-left:var(--wp--preset--spacing--30)\">\n<div class=\"wp-block-column is-vertically-aligned-top is-layout-flow wp-block-column-is-layout-flow\" style=\"flex-basis:2%\">\n<figure class=\"wp-block-image aligncenter size-full\"><img decoding=\"async\" width=\"220\" height=\"218\" src=\"https:\/\/trustupconsulting.com\/wp-content\/uploads\/2024\/09\/Bullet.png\" alt=\"\" class=\"wp-image-159\" srcset=\"https:\/\/trustupconsulting.com\/wp-content\/uploads\/2024\/09\/Bullet.png 220w, https:\/\/trustupconsulting.com\/wp-content\/uploads\/2024\/09\/Bullet-150x150.png 150w\" sizes=\"(max-width: 220px) 100vw, 220px\" \/><\/figure>\n<\/div>\n\n\n\n<div class=\"wp-block-column is-vertically-aligned-top is-layout-flow wp-block-column-is-layout-flow\" style=\"flex-basis:98%\">\n<p style=\"padding-top:0;padding-bottom:0;font-size:clamp(15.747px, 0.984rem + ((1vw - 3.2px) * 0.86), 24px);\">\u00bfTienes claridad sobre las oportunidades de expansi\u00f3n que existen en tu sector?<\/p>\n<\/div>\n<\/div>\n\n\n\n<div class=\"wp-block-columns are-vertically-aligned-top is-not-stacked-on-mobile is-layout-flex wp-container-core-columns-is-layout-f75df745 wp-block-columns-is-layout-flex\" style=\"margin-top:var(--wp--preset--spacing--10);margin-bottom:var(--wp--preset--spacing--10);padding-top:var(--wp--preset--spacing--10);padding-right:var(--wp--preset--spacing--30);padding-bottom:var(--wp--preset--spacing--10);padding-left:var(--wp--preset--spacing--30)\">\n<div class=\"wp-block-column is-vertically-aligned-top is-layout-flow wp-block-column-is-layout-flow\" style=\"flex-basis:2%\">\n<figure class=\"wp-block-image aligncenter size-full\"><img decoding=\"async\" width=\"220\" height=\"218\" src=\"https:\/\/trustupconsulting.com\/wp-content\/uploads\/2024\/09\/Bullet.png\" alt=\"\" class=\"wp-image-159\" srcset=\"https:\/\/trustupconsulting.com\/wp-content\/uploads\/2024\/09\/Bullet.png 220w, https:\/\/trustupconsulting.com\/wp-content\/uploads\/2024\/09\/Bullet-150x150.png 150w\" sizes=\"(max-width: 220px) 100vw, 220px\" \/><\/figure>\n<\/div>\n\n\n\n<div class=\"wp-block-column is-vertically-aligned-top is-layout-flow wp-block-column-is-layout-flow\" style=\"flex-basis:98%\">\n<p style=\"padding-top:0;padding-bottom:0;font-size:clamp(15.747px, 0.984rem + ((1vw - 3.2px) * 0.86), 24px);\">\u00bfCuentas con estrategias claras para diversificar tus l\u00edneas de negocio?<\/p>\n<\/div>\n<\/div>\n\n\n\n<div class=\"wp-block-columns are-vertically-aligned-top is-not-stacked-on-mobile is-layout-flex wp-container-core-columns-is-layout-f75df745 wp-block-columns-is-layout-flex\" style=\"margin-top:var(--wp--preset--spacing--10);margin-bottom:var(--wp--preset--spacing--10);padding-top:var(--wp--preset--spacing--10);padding-right:var(--wp--preset--spacing--30);padding-bottom:var(--wp--preset--spacing--10);padding-left:var(--wp--preset--spacing--30)\">\n<div class=\"wp-block-column is-vertically-aligned-top is-layout-flow wp-block-column-is-layout-flow\" style=\"flex-basis:2%\">\n<figure class=\"wp-block-image aligncenter size-full\"><img decoding=\"async\" width=\"220\" height=\"218\" src=\"https:\/\/trustupconsulting.com\/wp-content\/uploads\/2024\/09\/Bullet.png\" alt=\"\" class=\"wp-image-159\" srcset=\"https:\/\/trustupconsulting.com\/wp-content\/uploads\/2024\/09\/Bullet.png 220w, https:\/\/trustupconsulting.com\/wp-content\/uploads\/2024\/09\/Bullet-150x150.png 150w\" sizes=\"(max-width: 220px) 100vw, 220px\" \/><\/figure>\n<\/div>\n\n\n\n<div class=\"wp-block-column is-vertically-aligned-top is-layout-flow wp-block-column-is-layout-flow\" style=\"flex-basis:98%\">\n<p style=\"padding-top:0;padding-bottom:0;font-size:clamp(15.747px, 0.984rem + ((1vw - 3.2px) * 0.86), 24px);\">\u00bfTienes identificadas posibles alianzas estrat\u00e9gicas que podr\u00edan potenciar tu negocio?<\/p>\n<\/div>\n<\/div>\n\n\n\n<div class=\"wp-block-columns are-vertically-aligned-top is-not-stacked-on-mobile is-layout-flex wp-container-core-columns-is-layout-f75df745 wp-block-columns-is-layout-flex\" style=\"margin-top:var(--wp--preset--spacing--10);margin-bottom:var(--wp--preset--spacing--10);padding-top:var(--wp--preset--spacing--10);padding-right:var(--wp--preset--spacing--30);padding-bottom:var(--wp--preset--spacing--10);padding-left:var(--wp--preset--spacing--30)\">\n<div class=\"wp-block-column is-vertically-aligned-top is-layout-flow wp-block-column-is-layout-flow\" style=\"flex-basis:2%\">\n<figure class=\"wp-block-image aligncenter size-full\"><img decoding=\"async\" width=\"220\" height=\"218\" src=\"https:\/\/trustupconsulting.com\/wp-content\/uploads\/2024\/09\/Bullet.png\" alt=\"\" class=\"wp-image-159\" srcset=\"https:\/\/trustupconsulting.com\/wp-content\/uploads\/2024\/09\/Bullet.png 220w, https:\/\/trustupconsulting.com\/wp-content\/uploads\/2024\/09\/Bullet-150x150.png 150w\" sizes=\"(max-width: 220px) 100vw, 220px\" \/><\/figure>\n<\/div>\n\n\n\n<div class=\"wp-block-column is-vertically-aligned-top is-layout-flow wp-block-column-is-layout-flow\" style=\"flex-basis:98%\">\n<p style=\"padding-top:0;padding-bottom:0;font-size:clamp(15.747px, 0.984rem + ((1vw - 3.2px) * 0.86), 24px);\">\u00bfSabes c\u00f3mo adaptar tu oferta a nuevos mercados y clientes?<\/p>\n<\/div>\n<\/div>\n\n\n\n<div class=\"wp-block-columns are-vertically-aligned-top is-not-stacked-on-mobile is-layout-flex wp-container-core-columns-is-layout-f75df745 wp-block-columns-is-layout-flex\" style=\"margin-top:var(--wp--preset--spacing--10);margin-bottom:var(--wp--preset--spacing--10);padding-top:var(--wp--preset--spacing--10);padding-right:var(--wp--preset--spacing--30);padding-bottom:var(--wp--preset--spacing--10);padding-left:var(--wp--preset--spacing--30)\">\n<div class=\"wp-block-column is-vertically-aligned-top is-layout-flow wp-block-column-is-layout-flow\" style=\"flex-basis:2%\">\n<figure class=\"wp-block-image aligncenter size-full\"><img decoding=\"async\" width=\"220\" height=\"218\" src=\"https:\/\/trustupconsulting.com\/wp-content\/uploads\/2024\/09\/Bullet.png\" alt=\"\" class=\"wp-image-159\" srcset=\"https:\/\/trustupconsulting.com\/wp-content\/uploads\/2024\/09\/Bullet.png 220w, https:\/\/trustupconsulting.com\/wp-content\/uploads\/2024\/09\/Bullet-150x150.png 150w\" sizes=\"(max-width: 220px) 100vw, 220px\" \/><\/figure>\n<\/div>\n\n\n\n<div class=\"wp-block-column is-vertically-aligned-top is-layout-flow wp-block-column-is-layout-flow\" style=\"flex-basis:98%\">\n<p style=\"padding-top:0;padding-bottom:0;font-size:clamp(15.747px, 0.984rem + ((1vw - 3.2px) * 0.86), 24px);\">\u00bfLogras identificar oportunidades de negocios de manera oportuna y eficiente?<\/p>\n<\/div>\n<\/div>\n\n\n\n<div class=\"wp-block-group has-background is-content-justification-center is-nowrap is-layout-flex wp-container-core-group-is-layout-23441af8 wp-block-group-is-layout-flex\" style=\"background:linear-gradient(180deg,rgb(233,228,228) 0%,rgb(255,255,255) 100%);min-height:80px\"><\/div>\n<\/div>\n\n\n\n<div class=\"wp-block-group is-layout-flow wp-block-group-is-layout-flow\">\n<div class=\"wp-block-columns are-vertically-aligned-top is-not-stacked-on-mobile is-layout-flex wp-container-core-columns-is-layout-aa1829d7 wp-block-columns-is-layout-flex\" style=\"margin-top:var(--wp--preset--spacing--10);margin-bottom:var(--wp--preset--spacing--10);padding-right:var(--wp--preset--spacing--30);padding-left:var(--wp--preset--spacing--30)\">\n<div class=\"wp-block-column is-vertically-aligned-top is-layout-flow wp-block-column-is-layout-flow\" style=\"flex-basis:2%\">\n<figure class=\"wp-block-image aligncenter size-full\"><img decoding=\"async\" width=\"251\" height=\"249\" src=\"https:\/\/trustupconsulting.com\/wp-content\/uploads\/2024\/09\/Bullet_2.png\" alt=\"\" class=\"wp-image-169\" srcset=\"https:\/\/trustupconsulting.com\/wp-content\/uploads\/2024\/09\/Bullet_2.png 251w, https:\/\/trustupconsulting.com\/wp-content\/uploads\/2024\/09\/Bullet_2-150x150.png 150w\" sizes=\"(max-width: 251px) 100vw, 251px\" \/><\/figure>\n<\/div>\n\n\n\n<div class=\"wp-block-column is-vertically-aligned-top is-layout-flow wp-block-column-is-layout-flow\" style=\"flex-basis:98%\">\n<p style=\"padding-top:0;padding-right:0;padding-bottom:0;padding-left:0;font-size:clamp(15.747px, 0.984rem + ((1vw - 3.2px) * 0.86), 24px);\">Si respondiste &#8220;No&#8221; para 3 o m\u00e1s de las preguntas anteriores, tu empresa podr\u00eda beneficiarse de una asesor\u00eda en Desarrollo de Negocios.<\/p>\n<\/div>\n<\/div>\n\n\n\n<div class=\"wp-block-columns are-vertically-aligned-top is-not-stacked-on-mobile is-layout-flex wp-container-core-columns-is-layout-aa1829d7 wp-block-columns-is-layout-flex\" style=\"margin-top:var(--wp--preset--spacing--10);margin-bottom:var(--wp--preset--spacing--10);padding-right:var(--wp--preset--spacing--30);padding-left:var(--wp--preset--spacing--30)\">\n<div class=\"wp-block-column is-vertically-aligned-top is-layout-flow wp-block-column-is-layout-flow\" style=\"flex-basis:2%\">\n<figure class=\"wp-block-image aligncenter size-full\"><img decoding=\"async\" width=\"251\" height=\"249\" src=\"https:\/\/trustupconsulting.com\/wp-content\/uploads\/2024\/09\/Bullet_2.png\" alt=\"\" class=\"wp-image-169\" srcset=\"https:\/\/trustupconsulting.com\/wp-content\/uploads\/2024\/09\/Bullet_2.png 251w, https:\/\/trustupconsulting.com\/wp-content\/uploads\/2024\/09\/Bullet_2-150x150.png 150w\" sizes=\"(max-width: 251px) 100vw, 251px\" \/><\/figure>\n<\/div>\n\n\n\n<div class=\"wp-block-column is-vertically-aligned-top is-layout-flow wp-block-column-is-layout-flow\" style=\"flex-basis:98%\">\n<p style=\"padding-top:0;padding-bottom:0;font-size:clamp(14px, 0.875rem + ((1vw - 3.2px) * 0.625), 20px);\">Muchas empresas centran su crecimiento s\u00f3lo en aumentar ventas, pero existen otras formas de expandirse. Desarrollar una nueva l\u00ednea de negocio, incubar un emprendimiento dentro de la empresa \u2014que puede ser una innovaci\u00f3n o un servicio para la matriz y otras empresas\u2014 son estrategias valiosas. Tambi\u00e9n, la integraci\u00f3n vertical u horizontal mediante compras, asociaciones o fusiones ofrece oportunidades significativas de expansi\u00f3n. Explorar estas opciones puede llevar a un crecimiento m\u00e1s s\u00f3lido y diversificado.<\/p>\n<\/div>\n<\/div>\n\n\n\n<div class=\"wp-block-columns are-vertically-aligned-top is-not-stacked-on-mobile is-layout-flex wp-container-core-columns-is-layout-aa1829d7 wp-block-columns-is-layout-flex\" style=\"margin-top:var(--wp--preset--spacing--10);margin-bottom:var(--wp--preset--spacing--10);padding-right:var(--wp--preset--spacing--30);padding-left:var(--wp--preset--spacing--30)\">\n<div class=\"wp-block-column is-vertically-aligned-top is-layout-flow wp-block-column-is-layout-flow\" style=\"flex-basis:2%\">\n<figure class=\"wp-block-image aligncenter size-full\"><img decoding=\"async\" width=\"251\" height=\"249\" src=\"https:\/\/trustupconsulting.com\/wp-content\/uploads\/2024\/09\/Bullet_2.png\" alt=\"\" class=\"wp-image-169\" srcset=\"https:\/\/trustupconsulting.com\/wp-content\/uploads\/2024\/09\/Bullet_2.png 251w, https:\/\/trustupconsulting.com\/wp-content\/uploads\/2024\/09\/Bullet_2-150x150.png 150w\" sizes=\"(max-width: 251px) 100vw, 251px\" \/><\/figure>\n<\/div>\n\n\n\n<div class=\"wp-block-column is-vertically-aligned-top is-layout-flow wp-block-column-is-layout-flow\" style=\"flex-basis:98%\">\n<p style=\"padding-top:0;padding-bottom:0;font-size:clamp(14px, 0.875rem + ((1vw - 3.2px) * 0.625), 20px);\">En Trust Up Consulting, trabajamos junto a tu equipo para identificar \u00e1reas de crecimiento, analizar las tendencias del mercado, dise\u00f1ar planes que permitan maximizar el valor de tus recursos y apoyarlos en<br>su ejecuci\u00f3n. Nuestro enfoque integral asegura que las nuevas iniciativas de negocio se alineen con tus objetivos estrat\u00e9gicos y generen resultados sostenibles.<\/p>\n<\/div>\n<\/div>\n\n\n\n<div class=\"wp-block-columns are-vertically-aligned-top is-not-stacked-on-mobile is-layout-flex wp-container-core-columns-is-layout-aa1829d7 wp-block-columns-is-layout-flex\" style=\"margin-top:var(--wp--preset--spacing--10);margin-bottom:var(--wp--preset--spacing--10);padding-right:var(--wp--preset--spacing--30);padding-left:var(--wp--preset--spacing--30)\">\n<div class=\"wp-block-column is-vertically-aligned-top is-layout-flow wp-block-column-is-layout-flow\" style=\"padding-right:0;padding-left:0;flex-basis:2%\">\n<figure class=\"wp-block-image aligncenter size-full\"><img decoding=\"async\" width=\"251\" height=\"249\" src=\"https:\/\/trustupconsulting.com\/wp-content\/uploads\/2024\/09\/Bullet_2.png\" alt=\"\" class=\"wp-image-169\" srcset=\"https:\/\/trustupconsulting.com\/wp-content\/uploads\/2024\/09\/Bullet_2.png 251w, https:\/\/trustupconsulting.com\/wp-content\/uploads\/2024\/09\/Bullet_2-150x150.png 150w\" sizes=\"(max-width: 251px) 100vw, 251px\" \/><\/figure>\n<\/div>\n\n\n\n<div class=\"wp-block-column is-vertically-aligned-top is-layout-flow wp-block-column-is-layout-flow\" style=\"flex-basis:98%\">\n<p style=\"padding-top:0;padding-bottom:0;font-size:clamp(15.747px, 0.984rem + ((1vw - 3.2px) * 0.86), 24px);font-style:normal;font-weight:800\">Tomemos un caf\u00e9 para conversar sobre c\u00f3mo podemos ayudar a tu empresa en el desarrollo de nuevos negocios. D\u00e9janos tus datos&nbsp;<a href=\"https:\/\/trustupconsulting.com\/index.php\/formulario-de-contacto\/\" data-type=\"page\" data-id=\"376\"><strong><mark style=\"background-color:rgba(0, 0, 0, 0)\" class=\"has-inline-color has-custom-color-1-color\">aqu\u00ed<\/mark><\/strong><\/a>&nbsp;y te contactaremos.<\/p>\n<\/div>\n<\/div>\n<\/div>\n\n\n\n<div style=\"height:var(--wp--preset--spacing--40)\" aria-hidden=\"true\" class=\"wp-block-spacer\"><\/div>\n\n\n\n<div class=\"wp-block-group has-background is-layout-flow wp-block-group-is-layout-flow\" style=\"background-color:#e6dcd1\">\n<p class=\"has-accent-5-background-color has-background has-x-large-font-size\" style=\"padding-top:0;padding-right:var(--wp--preset--spacing--20);padding-bottom:0;padding-left:var(--wp--preset--spacing--20);font-style:normal;font-weight:500\">Objetivos<\/p>\n\n\n\n<div class=\"wp-block-columns is-not-stacked-on-mobile is-layout-flex wp-container-core-columns-is-layout-b7a2cee4 wp-block-columns-is-layout-flex\" style=\"margin-top:var(--wp--preset--spacing--10);margin-bottom:var(--wp--preset--spacing--10);padding-top:0;padding-right:var(--wp--preset--spacing--30);padding-bottom:0;padding-left:var(--wp--preset--spacing--30)\">\n<div class=\"wp-block-column is-vertically-aligned-top is-layout-flow wp-block-column-is-layout-flow\" style=\"flex-basis:2%\">\n<figure class=\"wp-block-image aligncenter size-full\"><img loading=\"lazy\" decoding=\"async\" width=\"231\" height=\"231\" src=\"https:\/\/trustupconsulting.com\/wp-content\/uploads\/2024\/09\/Bullet_3.png\" alt=\"\" class=\"wp-image-225\" srcset=\"https:\/\/trustupconsulting.com\/wp-content\/uploads\/2024\/09\/Bullet_3.png 231w, https:\/\/trustupconsulting.com\/wp-content\/uploads\/2024\/09\/Bullet_3-150x150.png 150w\" sizes=\"(max-width: 231px) 100vw, 231px\" \/><\/figure>\n<\/div>\n\n\n\n<div class=\"wp-block-column is-vertically-aligned-top is-layout-flow wp-block-column-is-layout-flow\" style=\"flex-basis:98%\">\n<p style=\"padding-top:0;padding-bottom:0;font-size:clamp(15.747px, 0.984rem + ((1vw - 3.2px) * 0.86), 24px);\">Identificar oportunidades de expansi\u00f3n y\/o integraci\u00f3n en el mercado.<\/p>\n<\/div>\n<\/div>\n\n\n\n<div class=\"wp-block-columns is-not-stacked-on-mobile is-layout-flex wp-container-core-columns-is-layout-6af4de7f wp-block-columns-is-layout-flex\" style=\"margin-top:0;margin-bottom:0;padding-top:0;padding-right:var(--wp--preset--spacing--30);padding-bottom:0;padding-left:var(--wp--preset--spacing--30)\">\n<div class=\"wp-block-column is-vertically-aligned-top is-layout-flow wp-block-column-is-layout-flow\" style=\"flex-basis:2%\">\n<figure class=\"wp-block-image aligncenter size-full\"><img loading=\"lazy\" decoding=\"async\" width=\"231\" height=\"231\" src=\"https:\/\/trustupconsulting.com\/wp-content\/uploads\/2024\/09\/Bullet_3.png\" alt=\"\" class=\"wp-image-225\" srcset=\"https:\/\/trustupconsulting.com\/wp-content\/uploads\/2024\/09\/Bullet_3.png 231w, https:\/\/trustupconsulting.com\/wp-content\/uploads\/2024\/09\/Bullet_3-150x150.png 150w\" sizes=\"(max-width: 231px) 100vw, 231px\" \/><\/figure>\n<\/div>\n\n\n\n<div class=\"wp-block-column is-vertically-aligned-top is-layout-flow wp-block-column-is-layout-flow\" style=\"flex-basis:98%\">\n<p style=\"padding-top:0;padding-bottom:0;font-size:clamp(15.747px, 0.984rem + ((1vw - 3.2px) * 0.86), 24px);\">Desarrollar estrategias de diversificaci\u00f3n de productos o servicios.<\/p>\n<\/div>\n<\/div>\n\n\n\n<div class=\"wp-block-columns is-not-stacked-on-mobile is-layout-flex wp-container-core-columns-is-layout-b7a2cee4 wp-block-columns-is-layout-flex\" style=\"margin-top:var(--wp--preset--spacing--10);margin-bottom:var(--wp--preset--spacing--10);padding-top:0;padding-right:var(--wp--preset--spacing--30);padding-bottom:0;padding-left:var(--wp--preset--spacing--30)\">\n<div class=\"wp-block-column is-vertically-aligned-top is-layout-flow wp-block-column-is-layout-flow\" style=\"flex-basis:2%\">\n<figure class=\"wp-block-image aligncenter size-full\"><img loading=\"lazy\" decoding=\"async\" width=\"231\" height=\"231\" src=\"https:\/\/trustupconsulting.com\/wp-content\/uploads\/2024\/09\/Bullet_3.png\" alt=\"\" class=\"wp-image-225\" srcset=\"https:\/\/trustupconsulting.com\/wp-content\/uploads\/2024\/09\/Bullet_3.png 231w, https:\/\/trustupconsulting.com\/wp-content\/uploads\/2024\/09\/Bullet_3-150x150.png 150w\" sizes=\"(max-width: 231px) 100vw, 231px\" \/><\/figure>\n<\/div>\n\n\n\n<div class=\"wp-block-column is-vertically-aligned-top is-layout-flow wp-block-column-is-layout-flow\" style=\"flex-basis:98%\">\n<p style=\"padding-top:0;padding-bottom:0;font-size:clamp(15.747px, 0.984rem + ((1vw - 3.2px) * 0.86), 24px);\">Optimizar procesos y recursos internos para soportar el crecimiento.<\/p>\n<\/div>\n<\/div>\n\n\n\n<div class=\"wp-block-columns is-not-stacked-on-mobile is-layout-flex wp-container-core-columns-is-layout-b7a2cee4 wp-block-columns-is-layout-flex\" style=\"margin-top:var(--wp--preset--spacing--10);margin-bottom:var(--wp--preset--spacing--10);padding-top:0;padding-right:var(--wp--preset--spacing--30);padding-bottom:0;padding-left:var(--wp--preset--spacing--30)\">\n<div class=\"wp-block-column is-vertically-aligned-top is-layout-flow wp-block-column-is-layout-flow\" style=\"flex-basis:2%\">\n<figure class=\"wp-block-image aligncenter size-full\"><img loading=\"lazy\" decoding=\"async\" width=\"231\" height=\"231\" src=\"https:\/\/trustupconsulting.com\/wp-content\/uploads\/2024\/09\/Bullet_3.png\" alt=\"\" class=\"wp-image-225\" srcset=\"https:\/\/trustupconsulting.com\/wp-content\/uploads\/2024\/09\/Bullet_3.png 231w, https:\/\/trustupconsulting.com\/wp-content\/uploads\/2024\/09\/Bullet_3-150x150.png 150w\" sizes=\"(max-width: 231px) 100vw, 231px\" \/><\/figure>\n<\/div>\n\n\n\n<div class=\"wp-block-column is-vertically-aligned-top is-layout-flow wp-block-column-is-layout-flow\" style=\"flex-basis:98%\">\n<p style=\"padding-top:0;padding-bottom:0;font-size:clamp(15.747px, 0.984rem + ((1vw - 3.2px) * 0.86), 24px);\">Identificar y establecer alianzas estrat\u00e9gicas.<\/p>\n<\/div>\n<\/div>\n\n\n\n<div class=\"wp-block-columns is-not-stacked-on-mobile is-layout-flex wp-container-core-columns-is-layout-b7a2cee4 wp-block-columns-is-layout-flex\" style=\"margin-top:var(--wp--preset--spacing--10);margin-bottom:var(--wp--preset--spacing--10);padding-top:0;padding-right:var(--wp--preset--spacing--30);padding-bottom:0;padding-left:var(--wp--preset--spacing--30)\">\n<div class=\"wp-block-column is-vertically-aligned-top is-layout-flow wp-block-column-is-layout-flow\" style=\"flex-basis:2%\">\n<figure class=\"wp-block-image aligncenter size-full\"><img loading=\"lazy\" decoding=\"async\" width=\"231\" height=\"231\" src=\"https:\/\/trustupconsulting.com\/wp-content\/uploads\/2024\/09\/Bullet_3.png\" alt=\"\" class=\"wp-image-225\" srcset=\"https:\/\/trustupconsulting.com\/wp-content\/uploads\/2024\/09\/Bullet_3.png 231w, https:\/\/trustupconsulting.com\/wp-content\/uploads\/2024\/09\/Bullet_3-150x150.png 150w\" sizes=\"(max-width: 231px) 100vw, 231px\" \/><\/figure>\n<\/div>\n\n\n\n<div class=\"wp-block-column is-vertically-aligned-top is-layout-flow wp-block-column-is-layout-flow\" style=\"flex-basis:98%\">\n<p style=\"padding-top:0;padding-bottom:0;font-size:clamp(15.747px, 0.984rem + ((1vw - 3.2px) * 0.86), 24px);\">Adaptar la oferta de la empresa a nuevos segmentos de mercado.<\/p>\n<\/div>\n<\/div>\n\n\n\n<div class=\"wp-block-columns is-not-stacked-on-mobile is-layout-flex wp-container-core-columns-is-layout-b7a2cee4 wp-block-columns-is-layout-flex\" style=\"margin-top:var(--wp--preset--spacing--10);margin-bottom:var(--wp--preset--spacing--10);padding-top:0;padding-right:var(--wp--preset--spacing--30);padding-bottom:0;padding-left:var(--wp--preset--spacing--30)\">\n<div class=\"wp-block-column is-vertically-aligned-top is-layout-flow wp-block-column-is-layout-flow\" style=\"flex-basis:2%\">\n<figure class=\"wp-block-image aligncenter size-full\"><img loading=\"lazy\" decoding=\"async\" width=\"231\" height=\"231\" src=\"https:\/\/trustupconsulting.com\/wp-content\/uploads\/2024\/09\/Bullet_3.png\" alt=\"\" class=\"wp-image-225\" srcset=\"https:\/\/trustupconsulting.com\/wp-content\/uploads\/2024\/09\/Bullet_3.png 231w, https:\/\/trustupconsulting.com\/wp-content\/uploads\/2024\/09\/Bullet_3-150x150.png 150w\" sizes=\"(max-width: 231px) 100vw, 231px\" \/><\/figure>\n<\/div>\n\n\n\n<div class=\"wp-block-column is-vertically-aligned-top is-layout-flow wp-block-column-is-layout-flow\" style=\"flex-basis:98%\">\n<p style=\"padding-top:0;padding-bottom:0;font-size:clamp(15.747px, 0.984rem + ((1vw - 3.2px) * 0.86), 24px);font-style:normal;font-weight:800\">Hacer visible que los retornos que generar\u00e1 el desarrollo de nuevos negocios cubrir\u00e1 con creces el costo de nuestra asesor\u00eda.<\/p>\n<\/div>\n<\/div>\n<\/div>\n\n\n\n<div style=\"height:var(--wp--preset--spacing--10)\" aria-hidden=\"true\" class=\"wp-block-spacer\"><\/div>\n","protected":false},"excerpt":{"rendered":"<p>Conversemos sobre&#8230; \u00bfTienes claridad sobre las oportunidades de expansi\u00f3n que existen en tu sector? \u00bfCuentas con estrategias claras para diversificar tus l\u00edneas de negocio? \u00bfTienes identificadas posibles alianzas estrat\u00e9gicas que podr\u00edan potenciar tu negocio? \u00bfSabes c\u00f3mo adaptar tu oferta a nuevos mercados y clientes? \u00bfLogras identificar oportunidades de negocios de manera oportuna y eficiente? Si [&hellip;]<\/p>\n","protected":false},"author":1,"featured_media":0,"parent":0,"menu_order":0,"comment_status":"closed","ping_status":"closed","template":"wp-custom-template-p-ginas-interiores","meta":{"footnotes":""},"class_list":["post-553","page","type-page","status-publish","hentry"],"_links":{"self":[{"href":"https:\/\/trustupconsulting.com\/index.php\/wp-json\/wp\/v2\/pages\/553","targetHints":{"allow":["GET"]}}],"collection":[{"href":"https:\/\/trustupconsulting.com\/index.php\/wp-json\/wp\/v2\/pages"}],"about":[{"href":"https:\/\/trustupconsulting.com\/index.php\/wp-json\/wp\/v2\/types\/page"}],"author":[{"embeddable":true,"href":"https:\/\/trustupconsulting.com\/index.php\/wp-json\/wp\/v2\/users\/1"}],"replies":[{"embeddable":true,"href":"https:\/\/trustupconsulting.com\/index.php\/wp-json\/wp\/v2\/comments?post=553"}],"version-history":[{"count":6,"href":"https:\/\/trustupconsulting.com\/index.php\/wp-json\/wp\/v2\/pages\/553\/revisions"}],"predecessor-version":[{"id":579,"href":"https:\/\/trustupconsulting.com\/index.php\/wp-json\/wp\/v2\/pages\/553\/revisions\/579"}],"wp:attachment":[{"href":"https:\/\/trustupconsulting.com\/index.php\/wp-json\/wp\/v2\/media?parent=553"}],"curies":[{"name":"wp","href":"https:\/\/api.w.org\/{rel}","templated":true}]}}