{"id":595,"date":"2024-11-14T23:21:08","date_gmt":"2024-11-14T23:21:08","guid":{"rendered":"https:\/\/trustupconsulting.com\/?page_id=595"},"modified":"2024-11-19T16:25:29","modified_gmt":"2024-11-19T16:25:29","slug":"gestion-de-hoteleria","status":"publish","type":"page","link":"https:\/\/trustupconsulting.com\/index.php\/gestion-de-hoteleria\/","title":{"rendered":"Gesti\u00f3n de Hoteler\u00eda"},"content":{"rendered":"\n<div class=\"wp-block-group has-background is-layout-flow wp-block-group-is-layout-flow\" style=\"background-color:#144672\">\n<div style=\"height:var(--wp--preset--spacing--30)\" aria-hidden=\"true\" class=\"wp-block-spacer\"><\/div>\n\n\n\n<h1 class=\"wp-block-heading alignwide has-accent-5-color has-text-color has-link-color has-body-font-family has-large-font-size wp-elements-29b61294c112bea4fe7ea590339d8f84\" style=\"padding-right:var(--wp--preset--spacing--20);padding-left:var(--wp--preset--spacing--20);line-height:1.2\">Conversemos sobre&#8230;<\/h1>\n\n\n\n<div class=\"wp-block-group is-vertical is-content-justification-right is-layout-flex wp-container-core-group-is-layout-c0d519fa wp-block-group-is-layout-flex\">\n<figure class=\"wp-block-image size-full\"><img fetchpriority=\"high\" decoding=\"async\" width=\"1366\" height=\"384\" src=\"https:\/\/trustupconsulting.com\/wp-content\/uploads\/2024\/11\/Header_Hoteleria.png\" alt=\"\" class=\"wp-image-608\" srcset=\"https:\/\/trustupconsulting.com\/wp-content\/uploads\/2024\/11\/Header_Hoteleria.png 1366w, https:\/\/trustupconsulting.com\/wp-content\/uploads\/2024\/11\/Header_Hoteleria-300x84.png 300w, https:\/\/trustupconsulting.com\/wp-content\/uploads\/2024\/11\/Header_Hoteleria-1024x288.png 1024w, https:\/\/trustupconsulting.com\/wp-content\/uploads\/2024\/11\/Header_Hoteleria-768x216.png 768w\" sizes=\"(max-width: 1366px) 100vw, 1366px\" \/><\/figure>\n<\/div>\n\n\n\n<div class=\"wp-block-group has-background is-content-justification-center is-nowrap is-layout-flex wp-container-core-group-is-layout-23441af8 wp-block-group-is-layout-flex\" style=\"background:linear-gradient(180deg,rgb(20,70,114) 0%,rgb(20,70,114) 28%,rgb(233,228,228) 100%);min-height:80px\"><\/div>\n<\/div>\n\n\n\n<div class=\"wp-block-group has-background is-layout-flow wp-block-group-is-layout-flow\" style=\"background-color:#e9e4e4\">\n<div class=\"wp-block-columns are-vertically-aligned-top is-not-stacked-on-mobile is-layout-flex wp-container-core-columns-is-layout-f75df745 wp-block-columns-is-layout-flex\" style=\"margin-top:var(--wp--preset--spacing--10);margin-bottom:var(--wp--preset--spacing--10);padding-top:var(--wp--preset--spacing--10);padding-right:var(--wp--preset--spacing--30);padding-bottom:var(--wp--preset--spacing--10);padding-left:var(--wp--preset--spacing--30)\">\n<div class=\"wp-block-column is-vertically-aligned-top is-layout-flow wp-block-column-is-layout-flow\" style=\"flex-basis:2%\">\n<figure class=\"wp-block-image aligncenter size-full\"><img decoding=\"async\" width=\"220\" height=\"218\" src=\"https:\/\/trustupconsulting.com\/wp-content\/uploads\/2024\/09\/Bullet.png\" alt=\"\" class=\"wp-image-159\" srcset=\"https:\/\/trustupconsulting.com\/wp-content\/uploads\/2024\/09\/Bullet.png 220w, https:\/\/trustupconsulting.com\/wp-content\/uploads\/2024\/09\/Bullet-150x150.png 150w\" sizes=\"(max-width: 220px) 100vw, 220px\" \/><\/figure>\n<\/div>\n\n\n\n<div class=\"wp-block-column is-vertically-aligned-top is-layout-flow wp-block-column-is-layout-flow\" style=\"flex-basis:98%\">\n<p style=\"padding-top:0;padding-bottom:0;font-size:clamp(15.747px, 0.984rem + ((1vw - 3.2px) * 0.86), 24px);\">\u00bfTu establecimiento siempre alcanza los niveles de ocupaci\u00f3n esperados?<\/p>\n<\/div>\n<\/div>\n\n\n\n<div class=\"wp-block-columns are-vertically-aligned-top is-not-stacked-on-mobile is-layout-flex wp-container-core-columns-is-layout-f75df745 wp-block-columns-is-layout-flex\" style=\"margin-top:var(--wp--preset--spacing--10);margin-bottom:var(--wp--preset--spacing--10);padding-top:var(--wp--preset--spacing--10);padding-right:var(--wp--preset--spacing--30);padding-bottom:var(--wp--preset--spacing--10);padding-left:var(--wp--preset--spacing--30)\">\n<div class=\"wp-block-column is-vertically-aligned-top is-layout-flow wp-block-column-is-layout-flow\" style=\"flex-basis:2%\">\n<figure class=\"wp-block-image aligncenter size-full\"><img decoding=\"async\" width=\"220\" height=\"218\" src=\"https:\/\/trustupconsulting.com\/wp-content\/uploads\/2024\/09\/Bullet.png\" alt=\"\" class=\"wp-image-159\" srcset=\"https:\/\/trustupconsulting.com\/wp-content\/uploads\/2024\/09\/Bullet.png 220w, https:\/\/trustupconsulting.com\/wp-content\/uploads\/2024\/09\/Bullet-150x150.png 150w\" sizes=\"(max-width: 220px) 100vw, 220px\" \/><\/figure>\n<\/div>\n\n\n\n<div class=\"wp-block-column is-vertically-aligned-top is-layout-flow wp-block-column-is-layout-flow\" style=\"flex-basis:98%\">\n<p style=\"padding-top:0;padding-bottom:0;font-size:clamp(15.747px, 0.984rem + ((1vw - 3.2px) * 0.86), 24px);\">\u00bfCuentas con procesos optimizados para la atenci\u00f3n al cliente y la operaci\u00f3n diaria?<\/p>\n<\/div>\n<\/div>\n\n\n\n<div class=\"wp-block-columns are-vertically-aligned-top is-not-stacked-on-mobile is-layout-flex wp-container-core-columns-is-layout-f75df745 wp-block-columns-is-layout-flex\" style=\"margin-top:var(--wp--preset--spacing--10);margin-bottom:var(--wp--preset--spacing--10);padding-top:var(--wp--preset--spacing--10);padding-right:var(--wp--preset--spacing--30);padding-bottom:var(--wp--preset--spacing--10);padding-left:var(--wp--preset--spacing--30)\">\n<div class=\"wp-block-column is-vertically-aligned-top is-layout-flow wp-block-column-is-layout-flow\" style=\"flex-basis:2%\">\n<figure class=\"wp-block-image aligncenter size-full\"><img decoding=\"async\" width=\"220\" height=\"218\" src=\"https:\/\/trustupconsulting.com\/wp-content\/uploads\/2024\/09\/Bullet.png\" alt=\"\" class=\"wp-image-159\" srcset=\"https:\/\/trustupconsulting.com\/wp-content\/uploads\/2024\/09\/Bullet.png 220w, https:\/\/trustupconsulting.com\/wp-content\/uploads\/2024\/09\/Bullet-150x150.png 150w\" sizes=\"(max-width: 220px) 100vw, 220px\" \/><\/figure>\n<\/div>\n\n\n\n<div class=\"wp-block-column is-vertically-aligned-top is-layout-flow wp-block-column-is-layout-flow\" style=\"flex-basis:98%\">\n<p style=\"padding-top:0;padding-bottom:0;font-size:clamp(15.747px, 0.984rem + ((1vw - 3.2px) * 0.86), 24px);\">\u00bfTus equipos de trabajo est\u00e1n capacitados para ofrecer una experiencia de servicio excepcional?<\/p>\n<\/div>\n<\/div>\n\n\n\n<div class=\"wp-block-columns are-vertically-aligned-top is-not-stacked-on-mobile is-layout-flex wp-container-core-columns-is-layout-f75df745 wp-block-columns-is-layout-flex\" style=\"margin-top:var(--wp--preset--spacing--10);margin-bottom:var(--wp--preset--spacing--10);padding-top:var(--wp--preset--spacing--10);padding-right:var(--wp--preset--spacing--30);padding-bottom:var(--wp--preset--spacing--10);padding-left:var(--wp--preset--spacing--30)\">\n<div class=\"wp-block-column is-vertically-aligned-top is-layout-flow wp-block-column-is-layout-flow\" style=\"flex-basis:2%\">\n<figure class=\"wp-block-image aligncenter size-full\"><img decoding=\"async\" width=\"220\" height=\"218\" src=\"https:\/\/trustupconsulting.com\/wp-content\/uploads\/2024\/09\/Bullet.png\" alt=\"\" class=\"wp-image-159\" srcset=\"https:\/\/trustupconsulting.com\/wp-content\/uploads\/2024\/09\/Bullet.png 220w, https:\/\/trustupconsulting.com\/wp-content\/uploads\/2024\/09\/Bullet-150x150.png 150w\" sizes=\"(max-width: 220px) 100vw, 220px\" \/><\/figure>\n<\/div>\n\n\n\n<div class=\"wp-block-column is-vertically-aligned-top is-layout-flow wp-block-column-is-layout-flow\" style=\"flex-basis:98%\">\n<p style=\"padding-top:0;padding-bottom:0;font-size:clamp(15.747px, 0.984rem + ((1vw - 3.2px) * 0.86), 24px);\">\u00bfTienes estrategias de marketing y ventas efectivas para captar y fidelizar clientes?<\/p>\n<\/div>\n<\/div>\n\n\n\n<div class=\"wp-block-columns are-vertically-aligned-top is-not-stacked-on-mobile is-layout-flex wp-container-core-columns-is-layout-f75df745 wp-block-columns-is-layout-flex\" style=\"margin-top:var(--wp--preset--spacing--10);margin-bottom:var(--wp--preset--spacing--10);padding-top:var(--wp--preset--spacing--10);padding-right:var(--wp--preset--spacing--30);padding-bottom:var(--wp--preset--spacing--10);padding-left:var(--wp--preset--spacing--30)\">\n<div class=\"wp-block-column is-vertically-aligned-top is-layout-flow wp-block-column-is-layout-flow\" style=\"flex-basis:2%\">\n<figure class=\"wp-block-image aligncenter size-full\"><img decoding=\"async\" width=\"220\" height=\"218\" src=\"https:\/\/trustupconsulting.com\/wp-content\/uploads\/2024\/09\/Bullet.png\" alt=\"\" class=\"wp-image-159\" srcset=\"https:\/\/trustupconsulting.com\/wp-content\/uploads\/2024\/09\/Bullet.png 220w, https:\/\/trustupconsulting.com\/wp-content\/uploads\/2024\/09\/Bullet-150x150.png 150w\" sizes=\"(max-width: 220px) 100vw, 220px\" \/><\/figure>\n<\/div>\n\n\n\n<div class=\"wp-block-column is-vertically-aligned-top is-layout-flow wp-block-column-is-layout-flow\" style=\"flex-basis:98%\">\n<p style=\"padding-top:0;padding-bottom:0;font-size:clamp(15.747px, 0.984rem + ((1vw - 3.2px) * 0.86), 24px);\">\u00bfLas decisiones operativas y estrat\u00e9gicas est\u00e1n alineadas con las tendencias y demandas del mercado?<\/p>\n<\/div>\n<\/div>\n\n\n\n<div class=\"wp-block-group has-background is-content-justification-center is-nowrap is-layout-flex wp-container-core-group-is-layout-23441af8 wp-block-group-is-layout-flex\" style=\"background:linear-gradient(180deg,rgb(233,228,228) 0%,rgb(255,255,255) 100%);min-height:80px\"><\/div>\n<\/div>\n\n\n\n<div class=\"wp-block-group is-layout-flow wp-block-group-is-layout-flow\">\n<div class=\"wp-block-columns are-vertically-aligned-top is-not-stacked-on-mobile is-layout-flex wp-container-core-columns-is-layout-aa1829d7 wp-block-columns-is-layout-flex\" style=\"margin-top:var(--wp--preset--spacing--10);margin-bottom:var(--wp--preset--spacing--10);padding-right:var(--wp--preset--spacing--30);padding-left:var(--wp--preset--spacing--30)\">\n<div class=\"wp-block-column is-vertically-aligned-top is-layout-flow wp-block-column-is-layout-flow\" style=\"flex-basis:2%\">\n<figure class=\"wp-block-image aligncenter size-full\"><img decoding=\"async\" width=\"251\" height=\"249\" src=\"https:\/\/trustupconsulting.com\/wp-content\/uploads\/2024\/09\/Bullet_2.png\" alt=\"\" class=\"wp-image-169\" srcset=\"https:\/\/trustupconsulting.com\/wp-content\/uploads\/2024\/09\/Bullet_2.png 251w, https:\/\/trustupconsulting.com\/wp-content\/uploads\/2024\/09\/Bullet_2-150x150.png 150w\" sizes=\"(max-width: 251px) 100vw, 251px\" \/><\/figure>\n<\/div>\n\n\n\n<div class=\"wp-block-column is-vertically-aligned-top is-layout-flow wp-block-column-is-layout-flow\" style=\"flex-basis:98%\">\n<p style=\"padding-top:0;padding-right:0;padding-bottom:0;padding-left:0;font-size:clamp(15.747px, 0.984rem + ((1vw - 3.2px) * 0.86), 24px);\">Si respondiste &#8220;No&#8221; para 3 o m\u00e1s de las preguntas anteriores, tu empresa podr\u00eda beneficiarse de una asesor\u00eda en Gesti\u00f3n de Hoteler\u00eda.<\/p>\n<\/div>\n<\/div>\n\n\n\n<div class=\"wp-block-columns are-vertically-aligned-top is-not-stacked-on-mobile is-layout-flex wp-container-core-columns-is-layout-aa1829d7 wp-block-columns-is-layout-flex\" style=\"margin-top:var(--wp--preset--spacing--10);margin-bottom:var(--wp--preset--spacing--10);padding-right:var(--wp--preset--spacing--30);padding-left:var(--wp--preset--spacing--30)\">\n<div class=\"wp-block-column is-vertically-aligned-top is-layout-flow wp-block-column-is-layout-flow\" style=\"flex-basis:2%\">\n<figure class=\"wp-block-image aligncenter size-full\"><img decoding=\"async\" width=\"251\" height=\"249\" src=\"https:\/\/trustupconsulting.com\/wp-content\/uploads\/2024\/09\/Bullet_2.png\" alt=\"\" class=\"wp-image-169\" srcset=\"https:\/\/trustupconsulting.com\/wp-content\/uploads\/2024\/09\/Bullet_2.png 251w, https:\/\/trustupconsulting.com\/wp-content\/uploads\/2024\/09\/Bullet_2-150x150.png 150w\" sizes=\"(max-width: 251px) 100vw, 251px\" \/><\/figure>\n<\/div>\n\n\n\n<div class=\"wp-block-column is-vertically-aligned-top is-layout-flow wp-block-column-is-layout-flow\" style=\"flex-basis:98%\">\n<p style=\"padding-top:0;padding-bottom:0;font-size:clamp(14px, 0.875rem + ((1vw - 3.2px) * 0.625), 20px);\">El sector de la hoster\u00eda exige excelencia en el servicio y eficiencia en la gesti\u00f3n para alcanzar altos niveles de satisfacci\u00f3n y fidelizaci\u00f3n de clientes.<\/p>\n<\/div>\n<\/div>\n\n\n\n<div class=\"wp-block-columns are-vertically-aligned-top is-not-stacked-on-mobile is-layout-flex wp-container-core-columns-is-layout-aa1829d7 wp-block-columns-is-layout-flex\" style=\"margin-top:var(--wp--preset--spacing--10);margin-bottom:var(--wp--preset--spacing--10);padding-right:var(--wp--preset--spacing--30);padding-left:var(--wp--preset--spacing--30)\">\n<div class=\"wp-block-column is-vertically-aligned-top is-layout-flow wp-block-column-is-layout-flow\" style=\"flex-basis:2%\">\n<figure class=\"wp-block-image aligncenter size-full\"><img decoding=\"async\" width=\"251\" height=\"249\" src=\"https:\/\/trustupconsulting.com\/wp-content\/uploads\/2024\/09\/Bullet_2.png\" alt=\"\" class=\"wp-image-169\" srcset=\"https:\/\/trustupconsulting.com\/wp-content\/uploads\/2024\/09\/Bullet_2.png 251w, https:\/\/trustupconsulting.com\/wp-content\/uploads\/2024\/09\/Bullet_2-150x150.png 150w\" sizes=\"(max-width: 251px) 100vw, 251px\" \/><\/figure>\n<\/div>\n\n\n\n<div class=\"wp-block-column is-vertically-aligned-top is-layout-flow wp-block-column-is-layout-flow\" style=\"flex-basis:98%\">\n<p style=\"padding-top:0;padding-bottom:0;font-size:clamp(14px, 0.875rem + ((1vw - 3.2px) * 0.625), 20px);\">En Trust Up Consulting, trabajamos junto a tu equipo para mejorar cada aspecto de la operaci\u00f3n de tu establecimiento, desde la atenci\u00f3n al cliente hasta la optimizaci\u00f3n de recursos y la planificaci\u00f3n estrat\u00e9gica. Nuestro enfoque est\u00e1 orientado a mejorar la rentabilidad y competitividad de tu negocio en un mercado altamente exigente.<\/p>\n<\/div>\n<\/div>\n\n\n\n<div class=\"wp-block-columns are-vertically-aligned-top is-not-stacked-on-mobile is-layout-flex wp-container-core-columns-is-layout-aa1829d7 wp-block-columns-is-layout-flex\" style=\"margin-top:var(--wp--preset--spacing--10);margin-bottom:var(--wp--preset--spacing--10);padding-right:var(--wp--preset--spacing--30);padding-left:var(--wp--preset--spacing--30)\">\n<div class=\"wp-block-column is-vertically-aligned-top is-layout-flow wp-block-column-is-layout-flow\" style=\"padding-right:0;padding-left:0;flex-basis:2%\">\n<figure class=\"wp-block-image aligncenter size-full\"><img decoding=\"async\" width=\"251\" height=\"249\" src=\"https:\/\/trustupconsulting.com\/wp-content\/uploads\/2024\/09\/Bullet_2.png\" alt=\"\" class=\"wp-image-169\" srcset=\"https:\/\/trustupconsulting.com\/wp-content\/uploads\/2024\/09\/Bullet_2.png 251w, https:\/\/trustupconsulting.com\/wp-content\/uploads\/2024\/09\/Bullet_2-150x150.png 150w\" sizes=\"(max-width: 251px) 100vw, 251px\" \/><\/figure>\n<\/div>\n\n\n\n<div class=\"wp-block-column is-vertically-aligned-top is-layout-flow wp-block-column-is-layout-flow\" style=\"flex-basis:98%\">\n<p style=\"padding-top:0;padding-bottom:0;font-size:clamp(15.747px, 0.984rem + ((1vw - 3.2px) * 0.86), 24px);font-style:normal;font-weight:800\">Tomemos un caf\u00e9 para conversar sobre c\u00f3mo podemos ayudar a tu empresa en la gestion de hoteler\u00eda. D\u00e9janos tus datos&nbsp;<a href=\"https:\/\/trustupconsulting.com\/index.php\/formulario-de-contacto\/\" data-type=\"page\" data-id=\"376\"><strong><mark style=\"background-color:rgba(0, 0, 0, 0)\" class=\"has-inline-color has-custom-color-1-color\">aqu\u00ed<\/mark><\/strong><\/a>&nbsp;y te contactaremos.<\/p>\n<\/div>\n<\/div>\n<\/div>\n\n\n\n<div style=\"height:var(--wp--preset--spacing--40)\" aria-hidden=\"true\" class=\"wp-block-spacer\"><\/div>\n\n\n\n<div class=\"wp-block-group has-background is-layout-flow wp-block-group-is-layout-flow\" style=\"background-color:#e6dcd1\">\n<p class=\"has-accent-5-background-color has-background has-x-large-font-size\" style=\"padding-top:0;padding-right:var(--wp--preset--spacing--20);padding-bottom:0;padding-left:var(--wp--preset--spacing--20);font-style:normal;font-weight:500\">Objetivos<\/p>\n\n\n\n<div class=\"wp-block-columns is-not-stacked-on-mobile is-layout-flex wp-container-core-columns-is-layout-b7a2cee4 wp-block-columns-is-layout-flex\" style=\"margin-top:var(--wp--preset--spacing--10);margin-bottom:var(--wp--preset--spacing--10);padding-top:0;padding-right:var(--wp--preset--spacing--30);padding-bottom:0;padding-left:var(--wp--preset--spacing--30)\">\n<div class=\"wp-block-column is-vertically-aligned-top is-layout-flow wp-block-column-is-layout-flow\" style=\"flex-basis:2%\">\n<figure class=\"wp-block-image aligncenter size-full\"><img loading=\"lazy\" decoding=\"async\" width=\"231\" height=\"231\" src=\"https:\/\/trustupconsulting.com\/wp-content\/uploads\/2024\/09\/Bullet_3.png\" alt=\"\" class=\"wp-image-225\" srcset=\"https:\/\/trustupconsulting.com\/wp-content\/uploads\/2024\/09\/Bullet_3.png 231w, https:\/\/trustupconsulting.com\/wp-content\/uploads\/2024\/09\/Bullet_3-150x150.png 150w\" sizes=\"(max-width: 231px) 100vw, 231px\" \/><\/figure>\n<\/div>\n\n\n\n<div class=\"wp-block-column is-vertically-aligned-top is-layout-flow wp-block-column-is-layout-flow\" style=\"flex-basis:98%\">\n<p style=\"padding-top:0;padding-bottom:0;font-size:clamp(15.747px, 0.984rem + ((1vw - 3.2px) * 0.86), 24px);\">Incremento de la ocupaci\u00f3n y optimizaci\u00f3n de tarifas seg\u00fan la demanda.<\/p>\n<\/div>\n<\/div>\n\n\n\n<div class=\"wp-block-columns is-not-stacked-on-mobile is-layout-flex wp-container-core-columns-is-layout-6af4de7f wp-block-columns-is-layout-flex\" style=\"margin-top:0;margin-bottom:0;padding-top:0;padding-right:var(--wp--preset--spacing--30);padding-bottom:0;padding-left:var(--wp--preset--spacing--30)\">\n<div class=\"wp-block-column is-vertically-aligned-top is-layout-flow wp-block-column-is-layout-flow\" style=\"flex-basis:2%\">\n<figure class=\"wp-block-image aligncenter size-full\"><img loading=\"lazy\" decoding=\"async\" width=\"231\" height=\"231\" src=\"https:\/\/trustupconsulting.com\/wp-content\/uploads\/2024\/09\/Bullet_3.png\" alt=\"\" class=\"wp-image-225\" srcset=\"https:\/\/trustupconsulting.com\/wp-content\/uploads\/2024\/09\/Bullet_3.png 231w, https:\/\/trustupconsulting.com\/wp-content\/uploads\/2024\/09\/Bullet_3-150x150.png 150w\" sizes=\"(max-width: 231px) 100vw, 231px\" \/><\/figure>\n<\/div>\n\n\n\n<div class=\"wp-block-column is-vertically-aligned-top is-layout-flow wp-block-column-is-layout-flow\" style=\"flex-basis:98%\">\n<p style=\"padding-top:0;padding-bottom:0;font-size:clamp(15.747px, 0.984rem + ((1vw - 3.2px) * 0.86), 24px);\">Estandarizaci\u00f3n de procesos para mejorar la eficiencia operativa.<\/p>\n<\/div>\n<\/div>\n\n\n\n<div class=\"wp-block-columns is-not-stacked-on-mobile is-layout-flex wp-container-core-columns-is-layout-b7a2cee4 wp-block-columns-is-layout-flex\" style=\"margin-top:var(--wp--preset--spacing--10);margin-bottom:var(--wp--preset--spacing--10);padding-top:0;padding-right:var(--wp--preset--spacing--30);padding-bottom:0;padding-left:var(--wp--preset--spacing--30)\">\n<div class=\"wp-block-column is-vertically-aligned-top is-layout-flow wp-block-column-is-layout-flow\" style=\"flex-basis:2%\">\n<figure class=\"wp-block-image aligncenter size-full\"><img loading=\"lazy\" decoding=\"async\" width=\"231\" height=\"231\" src=\"https:\/\/trustupconsulting.com\/wp-content\/uploads\/2024\/09\/Bullet_3.png\" alt=\"\" class=\"wp-image-225\" srcset=\"https:\/\/trustupconsulting.com\/wp-content\/uploads\/2024\/09\/Bullet_3.png 231w, https:\/\/trustupconsulting.com\/wp-content\/uploads\/2024\/09\/Bullet_3-150x150.png 150w\" sizes=\"(max-width: 231px) 100vw, 231px\" \/><\/figure>\n<\/div>\n\n\n\n<div class=\"wp-block-column is-vertically-aligned-top is-layout-flow wp-block-column-is-layout-flow\" style=\"flex-basis:98%\">\n<p style=\"padding-top:0;padding-bottom:0;font-size:clamp(15.747px, 0.984rem + ((1vw - 3.2px) * 0.86), 24px);\">Capacitaci\u00f3n de personal para fortalecer la calidad de atenci\u00f3n al cliente.<\/p>\n<\/div>\n<\/div>\n\n\n\n<div class=\"wp-block-columns is-not-stacked-on-mobile is-layout-flex wp-container-core-columns-is-layout-b7a2cee4 wp-block-columns-is-layout-flex\" style=\"margin-top:var(--wp--preset--spacing--10);margin-bottom:var(--wp--preset--spacing--10);padding-top:0;padding-right:var(--wp--preset--spacing--30);padding-bottom:0;padding-left:var(--wp--preset--spacing--30)\">\n<div class=\"wp-block-column is-vertically-aligned-top is-layout-flow wp-block-column-is-layout-flow\" style=\"flex-basis:2%\">\n<figure class=\"wp-block-image aligncenter size-full\"><img loading=\"lazy\" decoding=\"async\" width=\"231\" height=\"231\" src=\"https:\/\/trustupconsulting.com\/wp-content\/uploads\/2024\/09\/Bullet_3.png\" alt=\"\" class=\"wp-image-225\" srcset=\"https:\/\/trustupconsulting.com\/wp-content\/uploads\/2024\/09\/Bullet_3.png 231w, https:\/\/trustupconsulting.com\/wp-content\/uploads\/2024\/09\/Bullet_3-150x150.png 150w\" sizes=\"(max-width: 231px) 100vw, 231px\" \/><\/figure>\n<\/div>\n\n\n\n<div class=\"wp-block-column is-vertically-aligned-top is-layout-flow wp-block-column-is-layout-flow\" style=\"flex-basis:98%\">\n<p style=\"padding-top:0;padding-bottom:0;font-size:clamp(15.747px, 0.984rem + ((1vw - 3.2px) * 0.86), 24px);\">Desarrollo de estrategias de marketing y ventas para aumentar la visibilidad y captaci\u00f3n de clientes.<\/p>\n<\/div>\n<\/div>\n\n\n\n<div class=\"wp-block-columns is-not-stacked-on-mobile is-layout-flex wp-container-core-columns-is-layout-b7a2cee4 wp-block-columns-is-layout-flex\" style=\"margin-top:var(--wp--preset--spacing--10);margin-bottom:var(--wp--preset--spacing--10);padding-top:0;padding-right:var(--wp--preset--spacing--30);padding-bottom:0;padding-left:var(--wp--preset--spacing--30)\">\n<div class=\"wp-block-column is-vertically-aligned-top is-layout-flow wp-block-column-is-layout-flow\" style=\"flex-basis:2%\">\n<figure class=\"wp-block-image aligncenter size-full\"><img loading=\"lazy\" decoding=\"async\" width=\"231\" height=\"231\" src=\"https:\/\/trustupconsulting.com\/wp-content\/uploads\/2024\/09\/Bullet_3.png\" alt=\"\" class=\"wp-image-225\" srcset=\"https:\/\/trustupconsulting.com\/wp-content\/uploads\/2024\/09\/Bullet_3.png 231w, https:\/\/trustupconsulting.com\/wp-content\/uploads\/2024\/09\/Bullet_3-150x150.png 150w\" sizes=\"(max-width: 231px) 100vw, 231px\" \/><\/figure>\n<\/div>\n\n\n\n<div class=\"wp-block-column is-vertically-aligned-top is-layout-flow wp-block-column-is-layout-flow\" style=\"flex-basis:98%\">\n<p style=\"padding-top:0;padding-bottom:0;font-size:clamp(15.747px, 0.984rem + ((1vw - 3.2px) * 0.86), 24px);\">Implementaci\u00f3n de herramientas y sistemas para una gesti\u00f3n efectiva de reservas y operaciones.<\/p>\n<\/div>\n<\/div>\n\n\n\n<div class=\"wp-block-columns is-not-stacked-on-mobile is-layout-flex wp-container-core-columns-is-layout-b7a2cee4 wp-block-columns-is-layout-flex\" style=\"margin-top:var(--wp--preset--spacing--10);margin-bottom:var(--wp--preset--spacing--10);padding-top:0;padding-right:var(--wp--preset--spacing--30);padding-bottom:0;padding-left:var(--wp--preset--spacing--30)\">\n<div class=\"wp-block-column is-vertically-aligned-top is-layout-flow wp-block-column-is-layout-flow\" style=\"flex-basis:2%\">\n<figure class=\"wp-block-image aligncenter size-full\"><img loading=\"lazy\" decoding=\"async\" width=\"231\" height=\"231\" src=\"https:\/\/trustupconsulting.com\/wp-content\/uploads\/2024\/09\/Bullet_3.png\" alt=\"\" class=\"wp-image-225\" srcset=\"https:\/\/trustupconsulting.com\/wp-content\/uploads\/2024\/09\/Bullet_3.png 231w, https:\/\/trustupconsulting.com\/wp-content\/uploads\/2024\/09\/Bullet_3-150x150.png 150w\" sizes=\"(max-width: 231px) 100vw, 231px\" \/><\/figure>\n<\/div>\n\n\n\n<div class=\"wp-block-column is-vertically-aligned-top is-layout-flow wp-block-column-is-layout-flow\" style=\"flex-basis:98%\">\n<p style=\"padding-top:0;padding-bottom:0;font-size:clamp(15.747px, 0.984rem + ((1vw - 3.2px) * 0.86), 24px);font-style:normal;font-weight:800\">Hacer visible que los mayores ingresos que generar\u00e1 una mejora en la gestion de hoteler\u00eda en su empresa cubrir\u00e1 con creces el costo de nuestra asesor\u00eda.<\/p>\n<\/div>\n<\/div>\n<\/div>\n\n\n\n<div style=\"height:var(--wp--preset--spacing--10)\" aria-hidden=\"true\" class=\"wp-block-spacer\"><\/div>\n","protected":false},"excerpt":{"rendered":"<p>Conversemos sobre&#8230; \u00bfTu establecimiento siempre alcanza los niveles de ocupaci\u00f3n esperados? \u00bfCuentas con procesos optimizados para la atenci\u00f3n al cliente y la operaci\u00f3n diaria? \u00bfTus equipos de trabajo est\u00e1n capacitados para ofrecer una experiencia de servicio excepcional? \u00bfTienes estrategias de marketing y ventas efectivas para captar y fidelizar clientes? \u00bfLas decisiones operativas y estrat\u00e9gicas est\u00e1n [&hellip;]<\/p>\n","protected":false},"author":1,"featured_media":0,"parent":0,"menu_order":0,"comment_status":"closed","ping_status":"closed","template":"wp-custom-template-p-ginas-interiores","meta":{"footnotes":""},"class_list":["post-595","page","type-page","status-publish","hentry"],"_links":{"self":[{"href":"https:\/\/trustupconsulting.com\/index.php\/wp-json\/wp\/v2\/pages\/595","targetHints":{"allow":["GET"]}}],"collection":[{"href":"https:\/\/trustupconsulting.com\/index.php\/wp-json\/wp\/v2\/pages"}],"about":[{"href":"https:\/\/trustupconsulting.com\/index.php\/wp-json\/wp\/v2\/types\/page"}],"author":[{"embeddable":true,"href":"https:\/\/trustupconsulting.com\/index.php\/wp-json\/wp\/v2\/users\/1"}],"replies":[{"embeddable":true,"href":"https:\/\/trustupconsulting.com\/index.php\/wp-json\/wp\/v2\/comments?post=595"}],"version-history":[{"count":3,"href":"https:\/\/trustupconsulting.com\/index.php\/wp-json\/wp\/v2\/pages\/595\/revisions"}],"predecessor-version":[{"id":611,"href":"https:\/\/trustupconsulting.com\/index.php\/wp-json\/wp\/v2\/pages\/595\/revisions\/611"}],"wp:attachment":[{"href":"https:\/\/trustupconsulting.com\/index.php\/wp-json\/wp\/v2\/media?parent=595"}],"curies":[{"name":"wp","href":"https:\/\/api.w.org\/{rel}","templated":true}]}}